{"id":72,"date":"2011-11-20T18:37:58","date_gmt":"2011-11-20T18:37:58","guid":{"rendered":"http:\/\/outoffocus.eu\/intro\/?page_id=72"},"modified":"2019-08-10T16:57:04","modified_gmt":"2019-08-10T14:57:04","slug":"startsida","status":"publish","type":"page","link":"https:\/\/outoffocus.eu\/intro\/","title":{"rendered":"STARTSIDA"},"content":{"rendered":"<p>Vi skapade den h\u00e4r sidan f\u00f6r att f\u00e5 m\u00f6jlighet att l\u00e5ta v\u00e5ra verk spridas till v\u00e5ra horder av fans ( 2 l\u00f6jligt lojala, tond\u00f6va v\u00e4nner) och kanske hitta nya lyssnare.<\/p>\n<p>Tank<a href=\"https:\/\/outoffocus.eu\/intro\/wp-content\/uploads\/2011\/11\/Peter-725.jpg\"><img loading=\"lazy\" decoding=\"async\" class=\"alignleft\" title=\"Mr P 72\" src=\"https:\/\/outoffocus.eu\/intro\/wp-content\/uploads\/2011\/11\/Peter-725-118x300.jpg\" alt=\"\" width=\"72\" height=\"187\" \/><\/a>en \u00e4r att vi ska l\u00e4gga upp en ny l\u00e5t s\u00e5 snart produktionen till\u00e5ter. Hoppas ni tycker om vad ni f\u00e5r h\u00f6ra och att ni i s\u00e5 fall sprider vidare v\u00e5r adress. \/OOF<\/p>\n<p style=\"text-align: center;\"><a href=\"https:\/\/outoffocus.eu\/intro\/wp-content\/uploads\/2011\/11\/Bj%C3%B6rn-sop1.jpg\"><img loading=\"lazy\" decoding=\"async\" class=\"aligncenter\" title=\"the Bear parkb\u00e4nk\" src=\"https:\/\/outoffocus.eu\/intro\/wp-content\/uploads\/2011\/11\/Bj%C3%B6rn-sop1-300x109.jpg\" alt=\"\" width=\"262\" height=\"95\" \/><\/a><\/p>\n","protected":false},"excerpt":{"rendered":"<p>Vi skapade den h\u00e4r sidan f\u00f6r att f\u00e5 m\u00f6jlighet att l\u00e5ta v\u00e5ra verk spridas till v\u00e5ra horder av fans ( 2 l\u00f6jligt lojala, tond\u00f6va v\u00e4nner) och kanske hitta nya lyssnare. Tanken \u00e4r att vi ska l\u00e4gga upp en ny l\u00e5t s\u00e5 snart produktionen till\u00e5ter. Hoppas ni tycker om vad ni f\u00e5r h\u00f6ra och att ni [&hellip;]<\/p>\n","protected":false},"author":1,"featured_media":0,"parent":0,"menu_order":0,"comment_status":"open","ping_status":"open","template":"","meta":{"footnotes":""},"class_list":["post-72","page","type-page","status-publish","hentry"],"_links":{"self":[{"href":"https:\/\/outoffocus.eu\/intro\/index.php\/wp-json\/wp\/v2\/pages\/72","targetHints":{"allow":["GET"]}}],"collection":[{"href":"https:\/\/outoffocus.eu\/intro\/index.php\/wp-json\/wp\/v2\/pages"}],"about":[{"href":"https:\/\/outoffocus.eu\/intro\/index.php\/wp-json\/wp\/v2\/types\/page"}],"author":[{"embeddable":true,"href":"https:\/\/outoffocus.eu\/intro\/index.php\/wp-json\/wp\/v2\/users\/1"}],"replies":[{"embeddable":true,"href":"https:\/\/outoffocus.eu\/intro\/index.php\/wp-json\/wp\/v2\/comments?post=72"}],"version-history":[{"count":8,"href":"https:\/\/outoffocus.eu\/intro\/index.php\/wp-json\/wp\/v2\/pages\/72\/revisions"}],"predecessor-version":[{"id":1083,"href":"https:\/\/outoffocus.eu\/intro\/index.php\/wp-json\/wp\/v2\/pages\/72\/revisions\/1083"}],"wp:attachment":[{"href":"https:\/\/outoffocus.eu\/intro\/index.php\/wp-json\/wp\/v2\/media?parent=72"}],"curies":[{"name":"wp","href":"https:\/\/api.w.org\/{rel}","templated":true}]}}